{"id":71,"date":"2012-10-22T22:33:00","date_gmt":"2012-10-22T20:33:00","guid":{"rendered":"http:\/\/www.kalter-beton.de\/?page_id=71"},"modified":"2019-02-04T11:36:25","modified_gmt":"2019-02-04T09:36:25","slug":"impressum","status":"publish","type":"page","link":"https:\/\/www.kalter-beton.de\/?page_id=71","title":{"rendered":"Impressum &#038; Datenschutzerkl\u00e4rung"},"content":{"rendered":"<p>Bei der Webseite www.kalter-beton.de handelt es sich um ein rein privates Angebot, mit dem keinerlei finanzielle Interessen verfolgt werden.<\/p>\n<p>Verantwortlicher nach TMG \u00a75, Rundfunkstaatsvertrag und sonstiger in Deutschland in Frage kommender Rechtsvorschriften:<\/p>\n<p>Simon Reichel<br>Salomestra\u00dfe 2<br>35398 Gie\u00dfen<\/p>\n<p>Telefon: 0641\/1314947<br>\u00dcblicherweise ist hier nur ein Anrufbeantworter zu erreichen. Bitte eine Nachricht hinterlassen. Die Kontaktaufnahme per Mail wird von mir bevorzugt.<\/p>\n<p>blog_kontakt@kalter-beton(ENTFERNEN!).de<br>Die Adresse ist zum Schutz gegen Spammer ver\u00e4ndert.<\/p>\n<p>Datenschutz:<\/p>\n<p>Auf dieser Webseite werden keinerlei personenbezogener Daten Verarbeitet. Eine \u00dcbermittlung von pers\u00f6nlichen Daten ist nicht m\u00f6glich. Eine Speicherung von personenbezogenen Daten, z.B. in Form von IP-Adrressen in Log-Dateien, findet nicht statt.<\/p>\n<p>F\u00fcr den technischen Betrieb von WordPress als der Webseite zugrundeliegendes Redaktionssystem ist der Einsatz von Cookies notwendig. Diese Cookies erlauben mir keinerlei Nachverfolgung einzelner Besucher.<\/p>\n<p>Die Webseite verzichtet auf das Nachladen von externen Inhalten und erlaubt somit auch Dritten kein Nachverfolgen von Benutzern.<\/p>\n\n\n<p><\/p>\n\n\n\n<p><\/p>\n","protected":false},"excerpt":{"rendered":"<p>Bei der Webseite www.kalter-beton.de handelt es sich um ein rein privates Angebot, mit dem keinerlei finanzielle Interessen verfolgt werden. Verantwortlicher nach TMG \u00a75, Rundfunkstaatsvertrag und sonstiger in Deutschland in Frage kommender Rechtsvorschriften: Simon ReichelSalomestra\u00dfe 235398 Gie\u00dfen Telefon: 0641\/1314947\u00dcblicherweise ist hier nur ein Anrufbeantworter zu erreichen. Bitte eine Nachricht hinterlassen. Die Kontaktaufnahme per Mail wird von &hellip; <a href=\"https:\/\/www.kalter-beton.de\/?page_id=71\" class=\"more-link\"><span class=\"screen-reader-text\">Impressum &#038; Datenschutzerkl\u00e4rung<\/span> weiterlesen <span class=\"meta-nav\">&rarr;<\/span><\/a><\/p>\n","protected":false},"author":1,"featured_media":0,"parent":0,"menu_order":0,"comment_status":"closed","ping_status":"open","template":"","meta":{"footnotes":""},"class_list":["post-71","page","type-page","status-publish","hentry"],"_links":{"self":[{"href":"https:\/\/www.kalter-beton.de\/index.php?rest_route=\/wp\/v2\/pages\/71"}],"collection":[{"href":"https:\/\/www.kalter-beton.de\/index.php?rest_route=\/wp\/v2\/pages"}],"about":[{"href":"https:\/\/www.kalter-beton.de\/index.php?rest_route=\/wp\/v2\/types\/page"}],"author":[{"embeddable":true,"href":"https:\/\/www.kalter-beton.de\/index.php?rest_route=\/wp\/v2\/users\/1"}],"replies":[{"embeddable":true,"href":"https:\/\/www.kalter-beton.de\/index.php?rest_route=%2Fwp%2Fv2%2Fcomments&post=71"}],"version-history":[{"count":7,"href":"https:\/\/www.kalter-beton.de\/index.php?rest_route=\/wp\/v2\/pages\/71\/revisions"}],"predecessor-version":[{"id":291,"href":"https:\/\/www.kalter-beton.de\/index.php?rest_route=\/wp\/v2\/pages\/71\/revisions\/291"}],"wp:attachment":[{"href":"https:\/\/www.kalter-beton.de\/index.php?rest_route=%2Fwp%2Fv2%2Fmedia&parent=71"}],"curies":[{"name":"wp","href":"https:\/\/api.w.org\/{rel}","templated":true}]}}